{"id":2261,"date":"2017-06-05T15:51:35","date_gmt":"2017-06-05T13:51:35","guid":{"rendered":"https:\/\/gautard-pros.fr\/\/BIEN?page_id=2261"},"modified":"2026-02-18T14:50:17","modified_gmt":"2026-02-18T13:50:17","slug":"a-louer","status":"publish","type":"page","link":"https:\/\/gautard-pros.fr\/BIEN\/a-louer\/","title":{"rendered":"A louer en Touraine"},"content":{"rendered":"<div class=\"wpb-content-wrapper\"><p>[vc_row][vc_column][vc_column_text]<\/p>\n<h1 style=\"text-align: center;\">A louer bureau, entrep\u00f4t, terrain, boutique, commerce&#8230;<\/h1>\n<p>[\/vc_column_text][\/vc_column][\/vc_row][vc_row][vc_column][vc_property status_in=\u00a0\u00bb201&Prime; items=\u00a0\u00bb2&Prime;][\/vc_column][\/vc_row][vc_row][vc_column][vc_column_text]<\/p>\n<h3 style=\"text-align: center;\"><b style=\"color: #575756;\">GAUTARD PROS<\/b> <b style=\"color: #ae191f;\">&amp;<\/b> <b style=\"color: #575756;\">ENT<\/b> est le p\u00f4le Immobilier Entreprises &amp; Bureaux de <strong>GAUTARD Immobilier<\/strong>.<\/h3>\n<h3 style=\"text-align: center;\"><a href=\"https:\/\/location37.fr\/BIEN\/\" target=\"_blank\" rel=\"noopener\"><strong>Retrouvez les maisons et appartements \u00e0 louer sur Tours M\u00e9tropole Val de Loire s\u00e9lectionn\u00e9s par GAUTARD Immobilier en cliquant ICI.<\/strong><\/a><\/h3>\n<p>[\/vc_column_text][\/vc_column][\/vc_row]<\/p>\n<\/div>","protected":false},"excerpt":{"rendered":"<p>[vc_row][vc_column][vc_column_text] A louer bureau, entrep\u00f4t, terrain, boutique, commerce&#8230; [\/vc_column_text][\/vc_column][\/vc_row][vc_row][vc_column][vc_property status_in=\u00a0\u00bb201&Prime; items=\u00a0\u00bb2&Prime;][\/vc_column][\/vc_row][vc_row][vc_column][vc_column_text] GAUTARD PROS &amp; ENT est le p\u00f4le Immobilier Entreprises &amp; Bureaux de GAUTARD Immobilier. Retrouvez les maisons et appartements \u00e0 louer sur Tours M\u00e9tropole Val de Loire s\u00e9lectionn\u00e9s par GAUTARD Immobilier en cliquant ICI. [\/vc_column_text][\/vc_column][\/vc_row]<\/p>\n","protected":false},"author":1,"featured_media":0,"parent":0,"menu_order":0,"comment_status":"closed","ping_status":"closed","template":"template-sidebar-left.php","meta":[],"yoast_head":"<!-- This site is optimized with the Yoast SEO plugin v21.7 - https:\/\/yoast.com\/wordpress\/plugins\/seo\/ -->\n<title>GAUTARD PROS &amp; ENT A LOUER<\/title>\n<meta name=\"description\" content=\"Retrouvez les bureaux, commerces, boutiques... \u00e0 louer sur Tours et en Touraine, pour les professions lib\u00e9rales, TPE, PME, Entreprises ...\" \/>\n<meta name=\"robots\" content=\"index, follow, max-snippet:-1, max-image-preview:large, max-video-preview:-1\" \/>\n<link rel=\"canonical\" href=\"https:\/\/gautard-pros.fr\/BIEN\/a-louer\/\" \/>\n<meta property=\"og:locale\" content=\"fr_FR\" \/>\n<meta property=\"og:type\" content=\"article\" \/>\n<meta property=\"og:title\" content=\"GAUTARD PROS &amp; ENT A LOUER\" \/>\n<meta property=\"og:description\" content=\"Retrouvez les bureaux, commerces, boutiques... \u00e0 louer sur Tours et en Touraine, pour les professions lib\u00e9rales, TPE, PME, Entreprises ...\" \/>\n<meta property=\"og:url\" content=\"https:\/\/gautard-pros.fr\/BIEN\/a-louer\/\" \/>\n<meta property=\"og:site_name\" content=\"GAUTARD PROS\" \/>\n<meta property=\"article:publisher\" content=\"https:\/\/www.facebook.com\/GautardImmobilier\/\" \/>\n<meta property=\"article:modified_time\" content=\"2026-02-18T13:50:17+00:00\" \/>\n<script type=\"application\/ld+json\" class=\"yoast-schema-graph\">{\"@context\":\"https:\/\/schema.org\",\"@graph\":[{\"@type\":\"WebPage\",\"@id\":\"https:\/\/gautard-pros.fr\/BIEN\/a-louer\/\",\"url\":\"https:\/\/gautard-pros.fr\/BIEN\/a-louer\/\",\"name\":\"GAUTARD PROS & ENT A LOUER\",\"isPartOf\":{\"@id\":\"https:\/\/gautard-pros.fr\/BIEN\/#website\"},\"datePublished\":\"2017-06-05T13:51:35+00:00\",\"dateModified\":\"2026-02-18T13:50:17+00:00\",\"description\":\"Retrouvez les bureaux, commerces, boutiques... \u00e0 louer sur Tours et en Touraine, pour les professions lib\u00e9rales, TPE, PME, Entreprises ...\",\"inLanguage\":\"fr-FR\",\"potentialAction\":[{\"@type\":\"ReadAction\",\"target\":[\"https:\/\/gautard-pros.fr\/BIEN\/a-louer\/\"]}]},{\"@type\":\"WebSite\",\"@id\":\"https:\/\/gautard-pros.fr\/BIEN\/#website\",\"url\":\"https:\/\/gautard-pros.fr\/BIEN\/\",\"name\":\"GAUTARD PROS\",\"description\":\"Transaction gestion locaux &amp; bureaux en Touraine\",\"potentialAction\":[{\"@type\":\"SearchAction\",\"target\":{\"@type\":\"EntryPoint\",\"urlTemplate\":\"https:\/\/gautard-pros.fr\/BIEN\/?s={search_term_string}\"},\"query-input\":\"required name=search_term_string\"}],\"inLanguage\":\"fr-FR\"}]}<\/script>\n<!-- \/ Yoast SEO plugin. -->","yoast_head_json":{"title":"GAUTARD PROS & ENT A LOUER","description":"Retrouvez les bureaux, commerces, boutiques... \u00e0 louer sur Tours et en Touraine, pour les professions lib\u00e9rales, TPE, PME, Entreprises ...","robots":{"index":"index","follow":"follow","max-snippet":"max-snippet:-1","max-image-preview":"max-image-preview:large","max-video-preview":"max-video-preview:-1"},"canonical":"https:\/\/gautard-pros.fr\/BIEN\/a-louer\/","og_locale":"fr_FR","og_type":"article","og_title":"GAUTARD PROS & ENT A LOUER","og_description":"Retrouvez les bureaux, commerces, boutiques... \u00e0 louer sur Tours et en Touraine, pour les professions lib\u00e9rales, TPE, PME, Entreprises ...","og_url":"https:\/\/gautard-pros.fr\/BIEN\/a-louer\/","og_site_name":"GAUTARD PROS","article_publisher":"https:\/\/www.facebook.com\/GautardImmobilier\/","article_modified_time":"2026-02-18T13:50:17+00:00","schema":{"@context":"https:\/\/schema.org","@graph":[{"@type":"WebPage","@id":"https:\/\/gautard-pros.fr\/BIEN\/a-louer\/","url":"https:\/\/gautard-pros.fr\/BIEN\/a-louer\/","name":"GAUTARD PROS & ENT A LOUER","isPartOf":{"@id":"https:\/\/gautard-pros.fr\/BIEN\/#website"},"datePublished":"2017-06-05T13:51:35+00:00","dateModified":"2026-02-18T13:50:17+00:00","description":"Retrouvez les bureaux, commerces, boutiques... \u00e0 louer sur Tours et en Touraine, pour les professions lib\u00e9rales, TPE, PME, Entreprises ...","inLanguage":"fr-FR","potentialAction":[{"@type":"ReadAction","target":["https:\/\/gautard-pros.fr\/BIEN\/a-louer\/"]}]},{"@type":"WebSite","@id":"https:\/\/gautard-pros.fr\/BIEN\/#website","url":"https:\/\/gautard-pros.fr\/BIEN\/","name":"GAUTARD PROS","description":"Transaction gestion locaux &amp; bureaux en Touraine","potentialAction":[{"@type":"SearchAction","target":{"@type":"EntryPoint","urlTemplate":"https:\/\/gautard-pros.fr\/BIEN\/?s={search_term_string}"},"query-input":"required name=search_term_string"}],"inLanguage":"fr-FR"}]}},"_links":{"self":[{"href":"https:\/\/gautard-pros.fr\/BIEN\/wp-json\/wp\/v2\/pages\/2261"}],"collection":[{"href":"https:\/\/gautard-pros.fr\/BIEN\/wp-json\/wp\/v2\/pages"}],"about":[{"href":"https:\/\/gautard-pros.fr\/BIEN\/wp-json\/wp\/v2\/types\/page"}],"author":[{"embeddable":true,"href":"https:\/\/gautard-pros.fr\/BIEN\/wp-json\/wp\/v2\/users\/1"}],"replies":[{"embeddable":true,"href":"https:\/\/gautard-pros.fr\/BIEN\/wp-json\/wp\/v2\/comments?post=2261"}],"version-history":[{"count":16,"href":"https:\/\/gautard-pros.fr\/BIEN\/wp-json\/wp\/v2\/pages\/2261\/revisions"}],"predecessor-version":[{"id":6222,"href":"https:\/\/gautard-pros.fr\/BIEN\/wp-json\/wp\/v2\/pages\/2261\/revisions\/6222"}],"wp:attachment":[{"href":"https:\/\/gautard-pros.fr\/BIEN\/wp-json\/wp\/v2\/media?parent=2261"}],"curies":[{"name":"wp","href":"https:\/\/api.w.org\/{rel}","templated":true}]}}